{"id":1324,"date":"2024-02-11T12:09:42","date_gmt":"2024-02-11T12:09:42","guid":{"rendered":"https:\/\/yoga-gestalt-ibiza.com\/accueil"},"modified":"2024-02-29T15:38:57","modified_gmt":"2024-02-29T15:38:57","slug":"accueil","status":"publish","type":"page","link":"http:\/\/yoga-gestalt-ibiza.com\/fr","title":{"rendered":"Accueil"},"content":{"rendered":"","protected":false},"excerpt":{"rendered":"","protected":false},"author":1,"featured_media":1070,"parent":0,"menu_order":0,"comment_status":"closed","ping_status":"closed","template":"","meta":{"site-sidebar-layout":"no-sidebar","site-content-layout":"","ast-site-content-layout":"full-width-container","site-content-style":"default","site-sidebar-style":"default","ast-global-header-display":"","ast-banner-title-visibility":"","ast-main-header-display":"","ast-hfb-above-header-display":"","ast-hfb-below-header-display":"","ast-hfb-mobile-header-display":"","site-post-title":"disabled","ast-breadcrumbs-content":"","ast-featured-img":"disabled","footer-sml-layout":"","theme-transparent-header-meta":"","adv-header-id-meta":"","stick-header-meta":"","header-above-stick-meta":"","header-main-stick-meta":"","header-below-stick-meta":"","astra-migrate-meta-layouts":"default","ast-page-background-enabled":"default","ast-page-background-meta":{"desktop":{"background-color":"var(--ast-global-color-4)","background-image":"","background-repeat":"repeat","background-position":"center center","background-size":"auto","background-attachment":"scroll","background-type":"","background-media":"","overlay-type":"","overlay-color":"","overlay-gradient":""},"tablet":{"background-color":"","background-image":"","background-repeat":"repeat","background-position":"center center","background-size":"auto","background-attachment":"scroll","background-type":"","background-media":"","overlay-type":"","overlay-color":"","overlay-gradient":""},"mobile":{"background-color":"","background-image":"","background-repeat":"repeat","background-position":"center center","background-size":"auto","background-attachment":"scroll","background-type":"","background-media":"","overlay-type":"","overlay-color":"","overlay-gradient":""}},"ast-content-background-meta":{"desktop":{"background-color":"var(--ast-global-color-5)","background-image":"","background-repeat":"repeat","background-position":"center center","background-size":"auto","background-attachment":"scroll","background-type":"","background-media":"","overlay-type":"","overlay-color":"","overlay-gradient":""},"tablet":{"background-color":"var(--ast-global-color-5)","background-image":"","background-repeat":"repeat","background-position":"center center","background-size":"auto","background-attachment":"scroll","background-type":"","background-media":"","overlay-type":"","overlay-color":"","overlay-gradient":""},"mobile":{"background-color":"var(--ast-global-color-5)","background-image":"","background-repeat":"repeat","background-position":"center center","background-size":"auto","background-attachment":"scroll","background-type":"","background-media":"","overlay-type":"","overlay-color":"","overlay-gradient":""}},"footnotes":""},"class_list":["post-1324","page","type-page","status-publish","has-post-thumbnail","hentry"],"yoast_head":"<!-- This site is optimized with the Yoast SEO plugin v23.3 - https:\/\/yoast.com\/wordpress\/plugins\/seo\/ -->\n<title>Accueil - Yoga Gestalt Ibiza<\/title>\n<meta name=\"description\" content=\"D\u00e9couvrez une exp\u00e9rience de bien-\u00eatre total \u00e0 Ibiza, o\u00f9 les pratiques anciennes du yoga et de la Gestalt-th\u00e9rapie se rejoignent pour vous offrir une harmonie profonde, inspir\u00e9e par le soleil radieux, les plages pittoresques et la nature vivifiante de l&#039;\u00eele.\" \/>\n<meta name=\"robots\" content=\"index, follow, max-snippet:-1, max-image-preview:large, max-video-preview:-1\" \/>\n<link rel=\"canonical\" href=\"http:\/\/yoga-gestalt-ibiza.com\/fr\" \/>\n<meta property=\"og:locale\" content=\"fr_FR\" \/>\n<meta property=\"og:type\" content=\"article\" \/>\n<meta property=\"og:title\" content=\"Accueil - Yoga Gestalt Ibiza\" \/>\n<meta property=\"og:description\" content=\"D\u00e9couvrez une exp\u00e9rience de bien-\u00eatre total \u00e0 Ibiza, o\u00f9 les pratiques anciennes du yoga et de la Gestalt-th\u00e9rapie se rejoignent pour vous offrir une harmonie profonde, inspir\u00e9e par le soleil radieux, les plages pittoresques et la nature vivifiante de l&#039;\u00eele.\" \/>\n<meta property=\"og:url\" content=\"http:\/\/yoga-gestalt-ibiza.com\/fr\" \/>\n<meta property=\"og:site_name\" content=\"Yoga Gestalt Ibiza\" \/>\n<meta property=\"article:publisher\" content=\"https:\/\/www.facebook.com\/profile.php?id=100057314084757\" \/>\n<meta property=\"article:modified_time\" content=\"2024-02-29T15:38:57+00:00\" \/>\n<meta property=\"og:image\" content=\"http:\/\/yoga-gestalt-ibiza.com\/wp-content\/uploads\/2024\/02\/DSC2453.jpg\" \/>\n\t<meta property=\"og:image:width\" content=\"1623\" \/>\n\t<meta property=\"og:image:height\" content=\"1000\" \/>\n\t<meta property=\"og:image:type\" content=\"image\/jpeg\" \/>\n<meta name=\"twitter:card\" content=\"summary_large_image\" \/>\n<script type=\"application\/ld+json\" class=\"yoast-schema-graph\">{\"@context\":\"https:\/\/schema.org\",\"@graph\":[{\"@type\":\"WebPage\",\"@id\":\"http:\/\/yoga-gestalt-ibiza.com\/fr\",\"url\":\"http:\/\/yoga-gestalt-ibiza.com\/fr\",\"name\":\"Accueil - Yoga Gestalt Ibiza\",\"isPartOf\":{\"@id\":\"https:\/\/yoga-gestalt-ibiza.com\/fr#website\"},\"primaryImageOfPage\":{\"@id\":\"http:\/\/yoga-gestalt-ibiza.com\/fr#primaryimage\"},\"image\":{\"@id\":\"http:\/\/yoga-gestalt-ibiza.com\/fr#primaryimage\"},\"thumbnailUrl\":\"http:\/\/yoga-gestalt-ibiza.com\/wp-content\/uploads\/2024\/02\/DSC2453.jpg\",\"datePublished\":\"2024-02-11T12:09:42+00:00\",\"dateModified\":\"2024-02-29T15:38:57+00:00\",\"description\":\"D\u00e9couvrez une exp\u00e9rience de bien-\u00eatre total \u00e0 Ibiza, o\u00f9 les pratiques anciennes du yoga et de la Gestalt-th\u00e9rapie se rejoignent pour vous offrir une harmonie profonde, inspir\u00e9e par le soleil radieux, les plages pittoresques et la nature vivifiante de l'\u00eele.\",\"breadcrumb\":{\"@id\":\"http:\/\/yoga-gestalt-ibiza.com\/fr#breadcrumb\"},\"inLanguage\":\"fr-FR\",\"potentialAction\":[{\"@type\":\"ReadAction\",\"target\":[\"http:\/\/yoga-gestalt-ibiza.com\/fr\"]}]},{\"@type\":\"ImageObject\",\"inLanguage\":\"fr-FR\",\"@id\":\"http:\/\/yoga-gestalt-ibiza.com\/fr#primaryimage\",\"url\":\"http:\/\/yoga-gestalt-ibiza.com\/wp-content\/uploads\/2024\/02\/DSC2453.jpg\",\"contentUrl\":\"http:\/\/yoga-gestalt-ibiza.com\/wp-content\/uploads\/2024\/02\/DSC2453.jpg\",\"width\":1623,\"height\":1000},{\"@type\":\"BreadcrumbList\",\"@id\":\"http:\/\/yoga-gestalt-ibiza.com\/fr#breadcrumb\",\"itemListElement\":[{\"@type\":\"ListItem\",\"position\":1,\"name\":\"Accueil\",\"item\":\"http:\/\/yoga-gestalt-ibiza.com\/fr\"},{\"@type\":\"ListItem\",\"position\":2,\"name\":\"Accueil\"}]},{\"@type\":\"WebSite\",\"@id\":\"https:\/\/yoga-gestalt-ibiza.com\/fr#website\",\"url\":\"https:\/\/yoga-gestalt-ibiza.com\/fr\",\"name\":\"Yoga Gestalt Ibiza\",\"description\":\"\",\"publisher\":{\"@id\":\"https:\/\/yoga-gestalt-ibiza.com\/fr#organization\"},\"potentialAction\":[{\"@type\":\"SearchAction\",\"target\":{\"@type\":\"EntryPoint\",\"urlTemplate\":\"https:\/\/yoga-gestalt-ibiza.com\/fr?s={search_term_string}\"},\"query-input\":\"required name=search_term_string\"}],\"inLanguage\":\"fr-FR\"},{\"@type\":\"Organization\",\"@id\":\"https:\/\/yoga-gestalt-ibiza.com\/fr#organization\",\"name\":\"Yoga Gestalt Ibiza\",\"url\":\"https:\/\/yoga-gestalt-ibiza.com\/fr\",\"logo\":{\"@type\":\"ImageObject\",\"inLanguage\":\"fr-FR\",\"@id\":\"https:\/\/yoga-gestalt-ibiza.com\/fr#\/schema\/logo\/image\/\",\"url\":\"http:\/\/yoga-gestalt-ibiza.com\/wp-content\/uploads\/2024\/02\/Yoga-Gestalt-Ibiza.png\",\"contentUrl\":\"http:\/\/yoga-gestalt-ibiza.com\/wp-content\/uploads\/2024\/02\/Yoga-Gestalt-Ibiza.png\",\"width\":841,\"height\":195,\"caption\":\"Yoga Gestalt Ibiza\"},\"image\":{\"@id\":\"https:\/\/yoga-gestalt-ibiza.com\/fr#\/schema\/logo\/image\/\"},\"sameAs\":[\"https:\/\/www.facebook.com\/profile.php?id=100057314084757\"]}]}<\/script>\n<!-- \/ Yoast SEO plugin. -->","yoast_head_json":{"title":"Accueil - Yoga Gestalt Ibiza","description":"D\u00e9couvrez une exp\u00e9rience de bien-\u00eatre total \u00e0 Ibiza, o\u00f9 les pratiques anciennes du yoga et de la Gestalt-th\u00e9rapie se rejoignent pour vous offrir une harmonie profonde, inspir\u00e9e par le soleil radieux, les plages pittoresques et la nature vivifiante de l'\u00eele.","robots":{"index":"index","follow":"follow","max-snippet":"max-snippet:-1","max-image-preview":"max-image-preview:large","max-video-preview":"max-video-preview:-1"},"canonical":"http:\/\/yoga-gestalt-ibiza.com\/fr","og_locale":"fr_FR","og_type":"article","og_title":"Accueil - Yoga Gestalt Ibiza","og_description":"D\u00e9couvrez une exp\u00e9rience de bien-\u00eatre total \u00e0 Ibiza, o\u00f9 les pratiques anciennes du yoga et de la Gestalt-th\u00e9rapie se rejoignent pour vous offrir une harmonie profonde, inspir\u00e9e par le soleil radieux, les plages pittoresques et la nature vivifiante de l'\u00eele.","og_url":"http:\/\/yoga-gestalt-ibiza.com\/fr","og_site_name":"Yoga Gestalt Ibiza","article_publisher":"https:\/\/www.facebook.com\/profile.php?id=100057314084757","article_modified_time":"2024-02-29T15:38:57+00:00","og_image":[{"width":1623,"height":1000,"url":"http:\/\/yoga-gestalt-ibiza.com\/wp-content\/uploads\/2024\/02\/DSC2453.jpg","type":"image\/jpeg"}],"twitter_card":"summary_large_image","schema":{"@context":"https:\/\/schema.org","@graph":[{"@type":"WebPage","@id":"http:\/\/yoga-gestalt-ibiza.com\/fr","url":"http:\/\/yoga-gestalt-ibiza.com\/fr","name":"Accueil - Yoga Gestalt Ibiza","isPartOf":{"@id":"https:\/\/yoga-gestalt-ibiza.com\/fr#website"},"primaryImageOfPage":{"@id":"http:\/\/yoga-gestalt-ibiza.com\/fr#primaryimage"},"image":{"@id":"http:\/\/yoga-gestalt-ibiza.com\/fr#primaryimage"},"thumbnailUrl":"http:\/\/yoga-gestalt-ibiza.com\/wp-content\/uploads\/2024\/02\/DSC2453.jpg","datePublished":"2024-02-11T12:09:42+00:00","dateModified":"2024-02-29T15:38:57+00:00","description":"D\u00e9couvrez une exp\u00e9rience de bien-\u00eatre total \u00e0 Ibiza, o\u00f9 les pratiques anciennes du yoga et de la Gestalt-th\u00e9rapie se rejoignent pour vous offrir une harmonie profonde, inspir\u00e9e par le soleil radieux, les plages pittoresques et la nature vivifiante de l'\u00eele.","breadcrumb":{"@id":"http:\/\/yoga-gestalt-ibiza.com\/fr#breadcrumb"},"inLanguage":"fr-FR","potentialAction":[{"@type":"ReadAction","target":["http:\/\/yoga-gestalt-ibiza.com\/fr"]}]},{"@type":"ImageObject","inLanguage":"fr-FR","@id":"http:\/\/yoga-gestalt-ibiza.com\/fr#primaryimage","url":"http:\/\/yoga-gestalt-ibiza.com\/wp-content\/uploads\/2024\/02\/DSC2453.jpg","contentUrl":"http:\/\/yoga-gestalt-ibiza.com\/wp-content\/uploads\/2024\/02\/DSC2453.jpg","width":1623,"height":1000},{"@type":"BreadcrumbList","@id":"http:\/\/yoga-gestalt-ibiza.com\/fr#breadcrumb","itemListElement":[{"@type":"ListItem","position":1,"name":"Accueil","item":"http:\/\/yoga-gestalt-ibiza.com\/fr"},{"@type":"ListItem","position":2,"name":"Accueil"}]},{"@type":"WebSite","@id":"https:\/\/yoga-gestalt-ibiza.com\/fr#website","url":"https:\/\/yoga-gestalt-ibiza.com\/fr","name":"Yoga Gestalt Ibiza","description":"","publisher":{"@id":"https:\/\/yoga-gestalt-ibiza.com\/fr#organization"},"potentialAction":[{"@type":"SearchAction","target":{"@type":"EntryPoint","urlTemplate":"https:\/\/yoga-gestalt-ibiza.com\/fr?s={search_term_string}"},"query-input":"required name=search_term_string"}],"inLanguage":"fr-FR"},{"@type":"Organization","@id":"https:\/\/yoga-gestalt-ibiza.com\/fr#organization","name":"Yoga Gestalt Ibiza","url":"https:\/\/yoga-gestalt-ibiza.com\/fr","logo":{"@type":"ImageObject","inLanguage":"fr-FR","@id":"https:\/\/yoga-gestalt-ibiza.com\/fr#\/schema\/logo\/image\/","url":"http:\/\/yoga-gestalt-ibiza.com\/wp-content\/uploads\/2024\/02\/Yoga-Gestalt-Ibiza.png","contentUrl":"http:\/\/yoga-gestalt-ibiza.com\/wp-content\/uploads\/2024\/02\/Yoga-Gestalt-Ibiza.png","width":841,"height":195,"caption":"Yoga Gestalt Ibiza"},"image":{"@id":"https:\/\/yoga-gestalt-ibiza.com\/fr#\/schema\/logo\/image\/"},"sameAs":["https:\/\/www.facebook.com\/profile.php?id=100057314084757"]}]}},"_links":{"self":[{"href":"http:\/\/yoga-gestalt-ibiza.com\/fr\/wp-json\/wp\/v2\/pages\/1324","targetHints":{"allow":["GET"]}}],"collection":[{"href":"http:\/\/yoga-gestalt-ibiza.com\/fr\/wp-json\/wp\/v2\/pages"}],"about":[{"href":"http:\/\/yoga-gestalt-ibiza.com\/fr\/wp-json\/wp\/v2\/types\/page"}],"author":[{"embeddable":true,"href":"http:\/\/yoga-gestalt-ibiza.com\/fr\/wp-json\/wp\/v2\/users\/1"}],"replies":[{"embeddable":true,"href":"http:\/\/yoga-gestalt-ibiza.com\/fr\/wp-json\/wp\/v2\/comments?post=1324"}],"version-history":[{"count":1,"href":"http:\/\/yoga-gestalt-ibiza.com\/fr\/wp-json\/wp\/v2\/pages\/1324\/revisions"}],"predecessor-version":[{"id":1830,"href":"http:\/\/yoga-gestalt-ibiza.com\/fr\/wp-json\/wp\/v2\/pages\/1324\/revisions\/1830"}],"wp:featuredmedia":[{"embeddable":true,"href":"http:\/\/yoga-gestalt-ibiza.com\/fr\/wp-json\/wp\/v2\/media\/1070"}],"wp:attachment":[{"href":"http:\/\/yoga-gestalt-ibiza.com\/fr\/wp-json\/wp\/v2\/media?parent=1324"}],"curies":[{"name":"wp","href":"https:\/\/api.w.org\/{rel}","templated":true}]}}