{"id":1353,"date":"2024-02-20T14:59:33","date_gmt":"2024-02-20T14:59:33","guid":{"rendered":"https:\/\/yoga-gestalt-ibiza.com\/politique-de-confidentialite"},"modified":"2024-02-20T16:50:16","modified_gmt":"2024-02-20T16:50:16","slug":"politique-de-confidentialite","status":"publish","type":"page","link":"https:\/\/yoga-gestalt-ibiza.com\/fr\/politique-de-confidentialite","title":{"rendered":"Politique de confidentialit\u00e9"},"content":{"rendered":"\t\t<div data-elementor-type=\"wp-page\" data-elementor-id=\"1353\" class=\"elementor elementor-1353 elementor-939\" data-elementor-post-type=\"page\">\n\t\t\t\t<div class=\"elementor-element elementor-element-351317ce e-flex e-con-boxed wpr-particle-no wpr-jarallax-no wpr-parallax-no wpr-sticky-section-no e-con e-parent\" data-id=\"351317ce\" data-element_type=\"container\" data-settings=\"{&quot;content_width&quot;:&quot;boxed&quot;}\" data-core-v316-plus=\"true\">\n\t\t\t\t\t<div class=\"e-con-inner\">\n\t\t\t\t<div class=\"elementor-element elementor-element-7d829c2d elementor-widget elementor-widget-heading\" data-id=\"7d829c2d\" data-element_type=\"widget\" data-widget_type=\"heading.default\">\n\t\t\t\t<div class=\"elementor-widget-container\">\n\t\t\t<style>\/*! elementor - v3.19.0 - 28-02-2024 *\/\n.elementor-heading-title{padding:0;margin:0;line-height:1}.elementor-widget-heading .elementor-heading-title[class*=elementor-size-]>a{color:inherit;font-size:inherit;line-height:inherit}.elementor-widget-heading .elementor-heading-title.elementor-size-small{font-size:15px}.elementor-widget-heading .elementor-heading-title.elementor-size-medium{font-size:19px}.elementor-widget-heading .elementor-heading-title.elementor-size-large{font-size:29px}.elementor-widget-heading .elementor-heading-title.elementor-size-xl{font-size:39px}.elementor-widget-heading .elementor-heading-title.elementor-size-xxl{font-size:59px}<\/style><h3 class=\"elementor-heading-title elementor-size-default\">Politique de confidentialit\u00e9  <\/h3>\t\t<\/div>\n\t\t\t\t<\/div>\n\t\t\t\t<div class=\"elementor-element elementor-element-36ca3c30 elementor-widget elementor-widget-text-editor\" data-id=\"36ca3c30\" data-element_type=\"widget\" data-widget_type=\"text-editor.default\">\n\t\t\t\t<div class=\"elementor-widget-container\">\n\t\t\t<style>\/*! elementor - v3.19.0 - 28-02-2024 *\/\n.elementor-widget-text-editor.elementor-drop-cap-view-stacked .elementor-drop-cap{background-color:#69727d;color:#fff}.elementor-widget-text-editor.elementor-drop-cap-view-framed .elementor-drop-cap{color:#69727d;border:3px solid;background-color:transparent}.elementor-widget-text-editor:not(.elementor-drop-cap-view-default) .elementor-drop-cap{margin-top:8px}.elementor-widget-text-editor:not(.elementor-drop-cap-view-default) .elementor-drop-cap-letter{width:1em;height:1em}.elementor-widget-text-editor .elementor-drop-cap{float:left;text-align:center;line-height:1;font-size:50px}.elementor-widget-text-editor .elementor-drop-cap-letter{display:inline-block}<\/style>\t\t\t\t<p><span style=\"font-weight: 400;\">Derni\u00e8re mise \u00e0 jour : 16-02-24<\/span><\/p>\n<p><span style=\"font-weight: 400;\">Nous attachons une grande importance \u00e0 la confidentialit\u00e9 de vos informations personnelles. Cette politique de confidentialit\u00e9 d\u00e9crit comment Yoga-Gestalt-Ibiza.com (\u00ab\u00a0nous\u00a0\u00bb, \u00ab\u00a0notre\u00a0\u00bb, \u00ab\u00a0nos\u00a0\u00bb ou \u00ab\u00a0le site\u00a0\u00bb) recueille, utilise et prot\u00e8ge les informations que vous nous fournissez lorsque vous utilisez notre site Internet.<\/span><\/p>\n<ol>\n<li><span style=\"font-weight: 400;\">  Collecte et utilisation des informations personnelles<\/span><\/li>\n<\/ol>\n<p><span style=\"font-weight: 400;\">Nous recueillons les informations suivantes lorsque vous utilisez notre site web :<\/span><\/p>\n<ul>\n<li style=\"font-weight: 400;\" aria-level=\"1\"><span style=\"font-weight: 400;\">Informations fournies volontairement : Lorsque vous remplissez notre formulaire de contact, nous recueillons votre nom, votre adresse \u00e9lectronique et toute autre information que vous choisissez de nous fournir.<\/span><\/li>\n<li style=\"font-weight: 400;\" aria-level=\"1\"><span style=\"font-weight: 400;\">Cookies : Nous utilisons des cookies pour am\u00e9liorer l&rsquo;exp\u00e9rience de navigation des utilisateurs sur notre site web. Ces cookies sont utilis\u00e9s \u00e0 des fins de fonctionnalit\u00e9, de s\u00e9curit\u00e9 et d&rsquo;analyse.<\/span><\/li>\n<li style=\"font-weight: 400;\" aria-level=\"1\"><span style=\"font-weight: 400;\">Commentaires sur le blog : Si vous laissez un commentaire sur notre blog, les donn\u00e9es saisies dans le formulaire de commentaire sont collect\u00e9es, ainsi que votre adresse IP et l&rsquo;agent utilisateur de votre navigateur pour nous aider \u00e0 d\u00e9tecter les commentaires ind\u00e9sirables.<\/span><\/li>\n<\/ul>\n<ol start=\"2\">\n<li><span style=\"font-weight: 400;\">  Prot\u00e9ger vos informations personnelles<\/span><\/li>\n<\/ol>\n<ul>\n<li style=\"font-weight: 400;\" aria-level=\"1\"><span style=\"font-weight: 400;\">Nous nous engageons \u00e0 garantir la s\u00e9curit\u00e9 de vos informations personnelles. Nous mettons en \u0153uvre des mesures de s\u00e9curit\u00e9 appropri\u00e9es pour prot\u00e9ger vos donn\u00e9es contre l&rsquo;acc\u00e8s, la divulgation, l&rsquo;alt\u00e9ration ou la destruction non autoris\u00e9s.<\/span><\/li>\n<\/ul>\n<ol start=\"3\">\n<li><span style=\"font-weight: 400;\">  Partage des informations personnelles<\/span><\/li>\n<\/ol>\n<ul>\n<li style=\"font-weight: 400;\" aria-level=\"1\"><span style=\"font-weight: 400;\">Nous ne vendons pas, n&rsquo;\u00e9changeons pas et ne louons pas vos informations personnelles \u00e0 des tiers. Nous pouvons partager vos informations avec des prestataires de services tiers qui nous aident \u00e0 exploiter notre site web ou \u00e0 mener nos activit\u00e9s, \u00e0 condition qu&rsquo;ils acceptent de garder ces informations confidentielles.<\/span><\/li>\n<\/ul>\n<ol start=\"4\">\n<li><span style=\"font-weight: 400;\">  Acc\u00e8s \u00e0 vos informations et contr\u00f4le de vos pr\u00e9f\u00e9rences<\/span><\/li>\n<\/ol>\n<ul>\n<li style=\"font-weight: 400;\" aria-level=\"1\"><span style=\"font-weight: 400;\">Vous avez le droit d&rsquo;acc\u00e9der aux informations personnelles que nous d\u00e9tenons et d&rsquo;en demander la correction, la mise \u00e0 jour ou la suppression. Vous pouvez \u00e9galement choisir de refuser les cookies dans les param\u00e8tres de votre navigateur.<\/span><\/li>\n<\/ul>\n<ol start=\"5\">\n<li><span style=\"font-weight: 400;\">  Consentement<\/span><\/li>\n<\/ol>\n<ul>\n<li style=\"font-weight: 400;\" aria-level=\"1\"><span style=\"font-weight: 400;\">En utilisant notre site web, vous acceptez notre politique de protection de la vie priv\u00e9e et en acceptez les termes.<\/span><\/li>\n<\/ul>\n<ol start=\"6\">\n<li><span style=\"font-weight: 400;\">  Contactez-nous \u00e0 l&rsquo;adresse suivante<\/span><\/li>\n<\/ol>\n<ul>\n<li style=\"font-weight: 400;\" aria-level=\"1\"><span style=\"font-weight: 400;\">Si vous avez des questions concernant notre politique de confidentialit\u00e9, n&rsquo;h\u00e9sitez pas \u00e0 nous contacter \u00e0 l&rsquo;adresse \u00e9lectronique suivante : interterry@yahoo.it<\/span><\/li>\n<\/ul>\n\t\t\t\t\t\t<\/div>\n\t\t\t\t<\/div>\n\t\t\t\t\t<\/div>\n\t\t\t\t<\/div>\n\t\t\t\t<\/div>\n\t\t","protected":false},"excerpt":{"rendered":"<p>Politique de confidentialit\u00e9 Derni\u00e8re mise \u00e0 jour : 16-02-24 Nous attachons une grande importance \u00e0 la confidentialit\u00e9 de vos informations [&hellip;]<\/p>\n","protected":false},"author":1,"featured_media":0,"parent":0,"menu_order":0,"comment_status":"closed","ping_status":"closed","template":"","meta":{"site-sidebar-layout":"no-sidebar","site-content-layout":"","ast-site-content-layout":"full-width-container","site-content-style":"default","site-sidebar-style":"default","ast-global-header-display":"","ast-banner-title-visibility":"","ast-main-header-display":"","ast-hfb-above-header-display":"","ast-hfb-below-header-display":"","ast-hfb-mobile-header-display":"","site-post-title":"disabled","ast-breadcrumbs-content":"","ast-featured-img":"disabled","footer-sml-layout":"","theme-transparent-header-meta":"","adv-header-id-meta":"","stick-header-meta":"","header-above-stick-meta":"","header-main-stick-meta":"","header-below-stick-meta":"","astra-migrate-meta-layouts":"default","ast-page-background-enabled":"default","ast-page-background-meta":{"desktop":{"background-color":"var(--ast-global-color-4)","background-image":"","background-repeat":"repeat","background-position":"center center","background-size":"auto","background-attachment":"scroll","background-type":"","background-media":"","overlay-type":"","overlay-color":"","overlay-gradient":""},"tablet":{"background-color":"","background-image":"","background-repeat":"repeat","background-position":"center center","background-size":"auto","background-attachment":"scroll","background-type":"","background-media":"","overlay-type":"","overlay-color":"","overlay-gradient":""},"mobile":{"background-color":"","background-image":"","background-repeat":"repeat","background-position":"center center","background-size":"auto","background-attachment":"scroll","background-type":"","background-media":"","overlay-type":"","overlay-color":"","overlay-gradient":""}},"ast-content-background-meta":{"desktop":{"background-color":"var(--ast-global-color-5)","background-image":"","background-repeat":"repeat","background-position":"center center","background-size":"auto","background-attachment":"scroll","background-type":"","background-media":"","overlay-type":"","overlay-color":"","overlay-gradient":""},"tablet":{"background-color":"var(--ast-global-color-5)","background-image":"","background-repeat":"repeat","background-position":"center center","background-size":"auto","background-attachment":"scroll","background-type":"","background-media":"","overlay-type":"","overlay-color":"","overlay-gradient":""},"mobile":{"background-color":"var(--ast-global-color-5)","background-image":"","background-repeat":"repeat","background-position":"center center","background-size":"auto","background-attachment":"scroll","background-type":"","background-media":"","overlay-type":"","overlay-color":"","overlay-gradient":""}},"footnotes":""},"class_list":["post-1353","page","type-page","status-publish","hentry"],"yoast_head":"<!-- This site is optimized with the Yoast SEO plugin v23.3 - https:\/\/yoast.com\/wordpress\/plugins\/seo\/ -->\n<title>Politique de confidentialit\u00e9 - Yoga Gestalt Ibiza<\/title>\n<meta name=\"robots\" content=\"index, follow, max-snippet:-1, max-image-preview:large, max-video-preview:-1\" \/>\n<link rel=\"canonical\" href=\"https:\/\/yoga-gestalt-ibiza.com\/fr\/politique-de-confidentialite\" \/>\n<meta property=\"og:locale\" content=\"fr_FR\" \/>\n<meta property=\"og:type\" content=\"article\" \/>\n<meta property=\"og:title\" content=\"Politique de confidentialit\u00e9 - Yoga Gestalt Ibiza\" \/>\n<meta property=\"og:description\" content=\"Politique de confidentialit\u00e9 Derni\u00e8re mise \u00e0 jour : 16-02-24 Nous attachons une grande importance \u00e0 la confidentialit\u00e9 de vos informations [&hellip;]\" \/>\n<meta property=\"og:url\" content=\"https:\/\/yoga-gestalt-ibiza.com\/fr\/politique-de-confidentialite\" \/>\n<meta property=\"og:site_name\" content=\"Yoga Gestalt Ibiza\" \/>\n<meta property=\"article:publisher\" content=\"https:\/\/www.facebook.com\/profile.php?id=100057314084757\" \/>\n<meta property=\"article:modified_time\" content=\"2024-02-20T16:50:16+00:00\" \/>\n<meta name=\"twitter:card\" content=\"summary_large_image\" \/>\n<meta name=\"twitter:label1\" content=\"Dur\u00e9e de lecture estim\u00e9e\" \/>\n\t<meta name=\"twitter:data1\" content=\"2 minutes\" \/>\n<script type=\"application\/ld+json\" class=\"yoast-schema-graph\">{\"@context\":\"https:\/\/schema.org\",\"@graph\":[{\"@type\":\"WebPage\",\"@id\":\"https:\/\/yoga-gestalt-ibiza.com\/fr\/politique-de-confidentialite\",\"url\":\"https:\/\/yoga-gestalt-ibiza.com\/fr\/politique-de-confidentialite\",\"name\":\"Politique de confidentialit\u00e9 - Yoga Gestalt Ibiza\",\"isPartOf\":{\"@id\":\"https:\/\/yoga-gestalt-ibiza.com\/fr\/#website\"},\"datePublished\":\"2024-02-20T14:59:33+00:00\",\"dateModified\":\"2024-02-20T16:50:16+00:00\",\"breadcrumb\":{\"@id\":\"https:\/\/yoga-gestalt-ibiza.com\/fr\/politique-de-confidentialite#breadcrumb\"},\"inLanguage\":\"fr-FR\",\"potentialAction\":[{\"@type\":\"ReadAction\",\"target\":[\"https:\/\/yoga-gestalt-ibiza.com\/fr\/politique-de-confidentialite\"]}]},{\"@type\":\"BreadcrumbList\",\"@id\":\"https:\/\/yoga-gestalt-ibiza.com\/fr\/politique-de-confidentialite#breadcrumb\",\"itemListElement\":[{\"@type\":\"ListItem\",\"position\":1,\"name\":\"Accueil\",\"item\":\"https:\/\/yoga-gestalt-ibiza.com\/fr\"},{\"@type\":\"ListItem\",\"position\":2,\"name\":\"Politique de confidentialit\u00e9\"}]},{\"@type\":\"WebSite\",\"@id\":\"https:\/\/yoga-gestalt-ibiza.com\/fr\/#website\",\"url\":\"https:\/\/yoga-gestalt-ibiza.com\/fr\/\",\"name\":\"Yoga Gestalt Ibiza\",\"description\":\"\",\"publisher\":{\"@id\":\"https:\/\/yoga-gestalt-ibiza.com\/fr\/#organization\"},\"potentialAction\":[{\"@type\":\"SearchAction\",\"target\":{\"@type\":\"EntryPoint\",\"urlTemplate\":\"https:\/\/yoga-gestalt-ibiza.com\/fr\/?s={search_term_string}\"},\"query-input\":\"required name=search_term_string\"}],\"inLanguage\":\"fr-FR\"},{\"@type\":\"Organization\",\"@id\":\"https:\/\/yoga-gestalt-ibiza.com\/fr\/#organization\",\"name\":\"Yoga Gestalt Ibiza\",\"url\":\"https:\/\/yoga-gestalt-ibiza.com\/fr\/\",\"logo\":{\"@type\":\"ImageObject\",\"inLanguage\":\"fr-FR\",\"@id\":\"https:\/\/yoga-gestalt-ibiza.com\/fr\/#\/schema\/logo\/image\/\",\"url\":\"https:\/\/yoga-gestalt-ibiza.com\/wp-content\/uploads\/2024\/02\/Yoga-Gestalt-Ibiza.png\",\"contentUrl\":\"https:\/\/yoga-gestalt-ibiza.com\/wp-content\/uploads\/2024\/02\/Yoga-Gestalt-Ibiza.png\",\"width\":841,\"height\":195,\"caption\":\"Yoga Gestalt Ibiza\"},\"image\":{\"@id\":\"https:\/\/yoga-gestalt-ibiza.com\/fr\/#\/schema\/logo\/image\/\"},\"sameAs\":[\"https:\/\/www.facebook.com\/profile.php?id=100057314084757\"]}]}<\/script>\n<!-- \/ Yoast SEO plugin. -->","yoast_head_json":{"title":"Politique de confidentialit\u00e9 - Yoga Gestalt Ibiza","robots":{"index":"index","follow":"follow","max-snippet":"max-snippet:-1","max-image-preview":"max-image-preview:large","max-video-preview":"max-video-preview:-1"},"canonical":"https:\/\/yoga-gestalt-ibiza.com\/fr\/politique-de-confidentialite","og_locale":"fr_FR","og_type":"article","og_title":"Politique de confidentialit\u00e9 - Yoga Gestalt Ibiza","og_description":"Politique de confidentialit\u00e9 Derni\u00e8re mise \u00e0 jour : 16-02-24 Nous attachons une grande importance \u00e0 la confidentialit\u00e9 de vos informations [&hellip;]","og_url":"https:\/\/yoga-gestalt-ibiza.com\/fr\/politique-de-confidentialite","og_site_name":"Yoga Gestalt Ibiza","article_publisher":"https:\/\/www.facebook.com\/profile.php?id=100057314084757","article_modified_time":"2024-02-20T16:50:16+00:00","twitter_card":"summary_large_image","twitter_misc":{"Dur\u00e9e de lecture estim\u00e9e":"2 minutes"},"schema":{"@context":"https:\/\/schema.org","@graph":[{"@type":"WebPage","@id":"https:\/\/yoga-gestalt-ibiza.com\/fr\/politique-de-confidentialite","url":"https:\/\/yoga-gestalt-ibiza.com\/fr\/politique-de-confidentialite","name":"Politique de confidentialit\u00e9 - Yoga Gestalt Ibiza","isPartOf":{"@id":"https:\/\/yoga-gestalt-ibiza.com\/fr\/#website"},"datePublished":"2024-02-20T14:59:33+00:00","dateModified":"2024-02-20T16:50:16+00:00","breadcrumb":{"@id":"https:\/\/yoga-gestalt-ibiza.com\/fr\/politique-de-confidentialite#breadcrumb"},"inLanguage":"fr-FR","potentialAction":[{"@type":"ReadAction","target":["https:\/\/yoga-gestalt-ibiza.com\/fr\/politique-de-confidentialite"]}]},{"@type":"BreadcrumbList","@id":"https:\/\/yoga-gestalt-ibiza.com\/fr\/politique-de-confidentialite#breadcrumb","itemListElement":[{"@type":"ListItem","position":1,"name":"Accueil","item":"https:\/\/yoga-gestalt-ibiza.com\/fr"},{"@type":"ListItem","position":2,"name":"Politique de confidentialit\u00e9"}]},{"@type":"WebSite","@id":"https:\/\/yoga-gestalt-ibiza.com\/fr\/#website","url":"https:\/\/yoga-gestalt-ibiza.com\/fr\/","name":"Yoga Gestalt Ibiza","description":"","publisher":{"@id":"https:\/\/yoga-gestalt-ibiza.com\/fr\/#organization"},"potentialAction":[{"@type":"SearchAction","target":{"@type":"EntryPoint","urlTemplate":"https:\/\/yoga-gestalt-ibiza.com\/fr\/?s={search_term_string}"},"query-input":"required name=search_term_string"}],"inLanguage":"fr-FR"},{"@type":"Organization","@id":"https:\/\/yoga-gestalt-ibiza.com\/fr\/#organization","name":"Yoga Gestalt Ibiza","url":"https:\/\/yoga-gestalt-ibiza.com\/fr\/","logo":{"@type":"ImageObject","inLanguage":"fr-FR","@id":"https:\/\/yoga-gestalt-ibiza.com\/fr\/#\/schema\/logo\/image\/","url":"https:\/\/yoga-gestalt-ibiza.com\/wp-content\/uploads\/2024\/02\/Yoga-Gestalt-Ibiza.png","contentUrl":"https:\/\/yoga-gestalt-ibiza.com\/wp-content\/uploads\/2024\/02\/Yoga-Gestalt-Ibiza.png","width":841,"height":195,"caption":"Yoga Gestalt Ibiza"},"image":{"@id":"https:\/\/yoga-gestalt-ibiza.com\/fr\/#\/schema\/logo\/image\/"},"sameAs":["https:\/\/www.facebook.com\/profile.php?id=100057314084757"]}]}},"_links":{"self":[{"href":"https:\/\/yoga-gestalt-ibiza.com\/fr\/wp-json\/wp\/v2\/pages\/1353","targetHints":{"allow":["GET"]}}],"collection":[{"href":"https:\/\/yoga-gestalt-ibiza.com\/fr\/wp-json\/wp\/v2\/pages"}],"about":[{"href":"https:\/\/yoga-gestalt-ibiza.com\/fr\/wp-json\/wp\/v2\/types\/page"}],"author":[{"embeddable":true,"href":"https:\/\/yoga-gestalt-ibiza.com\/fr\/wp-json\/wp\/v2\/users\/1"}],"replies":[{"embeddable":true,"href":"https:\/\/yoga-gestalt-ibiza.com\/fr\/wp-json\/wp\/v2\/comments?post=1353"}],"version-history":[{"count":1,"href":"https:\/\/yoga-gestalt-ibiza.com\/fr\/wp-json\/wp\/v2\/pages\/1353\/revisions"}],"predecessor-version":[{"id":1358,"href":"https:\/\/yoga-gestalt-ibiza.com\/fr\/wp-json\/wp\/v2\/pages\/1353\/revisions\/1358"}],"wp:attachment":[{"href":"https:\/\/yoga-gestalt-ibiza.com\/fr\/wp-json\/wp\/v2\/media?parent=1353"}],"curies":[{"name":"wp","href":"https:\/\/api.w.org\/{rel}","templated":true}]}}